{"id":12096,"date":"2024-06-12T14:35:15","date_gmt":"2024-06-12T12:35:15","guid":{"rendered":"https:\/\/playwell.ee\/toode\/mos-espa-podrace-dioraam\/"},"modified":"2025-01-25T20:24:33","modified_gmt":"2025-01-25T18:24:33","slug":"mos-espa-podrace-dioraam","status":"publish","type":"product","link":"https:\/\/playwell.ee\/en\/product\/mos-espa-podrace-dioraam\/","title":{"rendered":"LEGO\u00ae Star Wars\u2122 75380 &#8211;  Mos Espa Podrace\u2122 dioraam"},"content":{"rendered":"<p>K\u00fclmuta hetk p\u00f5nevast Mos Espa Podrace&#8217;ist selle LEGO\u00ae Star Wars\u2122 dioraami (75380) kokkupandava mudelikomplektiga t\u00e4iskasvanutele. See kogutav ehituskomplekt kutsub teid suunama j\u00f5udu, nagu tegi Anakin Skywalker filmis Star Wars: The Phantom Menace, et luua LEGO klotsidest ehitatud hetkt\u00f5mmis tema Podracerist, mis s\u00f5idab l\u00e4bi Arch Canyoni, j\u00e4litades oma p\u00f5genevat rivaali Sebulbat.<\/p>\n<p>Muljetavaldava ehitus- ja v\u00e4ljapanekumudeliga on kaasas tahvel, millel on Qui-Gon Jinni n\u00f5uanne (\u201ePea meeles. Keskendu hetkele. Tunneta. \u00c4ra m\u00f5tle. Usalda oma instinkte.\u201c) ja LEGO Star Warsi 25. aastap\u00e4eva klots.<\/p>\n<p>T\u00e4iusta oma loomingulist ehituskogemust LEGO Builderi rakendusega, mis v\u00f5imaldab sul selle ehitusmudeli digitaalset 3D-versiooni ehitamise ajal suumida ja p\u00f6\u00f6rata ning teha veel palju muud.<\/p>\n<p>See kokkupandav mudel on osa LEGO Star Warsi t\u00e4iskasvanutele m\u00f5eldud komplektide kollektsioonist, mis sisaldab teisi v\u00e4gevaid stseene kujutavaid dioraame, ning see on suurep\u00e4rane kingitus iseendale v\u00f5i teistelet\u00e4iskasvanud Star Warsi f\u00e4nnidele.<\/p>\n<p>\u00dcksikasjalik LEGO\u00ae Star Wars\u2122 dioraami ehitus- ja v\u00e4ljapanekukomplekt \u2013 j\u00e4\u00e4dvusta selle t\u00e4iskasvanutele m\u00f5eldud kokkupandava mudelikomplektiga hetk Mos Espa Podrace&#8217;ist filmis Star Wars: The Phantom Menace<br \/>\nKlotsidest ehitatud Star Wars\u2122 Podracerid \u2013 see ainulaadne komplekt sisaldab Anakin Skywalkeri Podraceri ja tema rivaali Sebulba Podraceri autentselt detailirohkeid LEGO\u00ae klotsidest mudeleid<br \/>\nV\u00e4ljapanekuks loodud \u2013 komplektis on Arch Canyoni osa Tatooine&#8217;i Mos Espa Podracingu ringrajast, lisaks LEGO\u00ae Star Wars\u2122 25. aastap\u00e4eva klots ja tahvel Qui-Gon Jinni tsitaadiga<br \/>\nT\u00e4ienda oma kollektsiooni \u2013 see komplekt kuulub kollektsion\u00e4\u00e4ridele sobivate, kokkupandavate LEGO\u00ae Star Wars\u2122 dioraamimudelite hulka (m\u00fc\u00fcakse eraldi), mis kujutavad legendaarseid Star Warsi hetki<br \/>\nStar Wars\u2122 kingitus t\u00e4iskasvanutele \u2013 hellita ennast v\u00f5i kingi see esmaklassiline komplekt m\u00f5nele teisele Star Warsi f\u00e4nnile v\u00f5i LEGO Star Warsi dioraamide kollektsion\u00e4\u00e4rile<br \/>\n3D-ehitusjuhised \u2013 rakendusega LEGO\u00ae Builder saadlisaks ehitamisele, oma edenemise j\u00e4lgimisele ja muule suumida ja p\u00f6\u00f6rata ehitusmudelite digitaalset 3D-versiooni<br \/>\nT\u00e4iskasvanutele m\u00f5eldud LEGO\u00ae Star Wars\u2122 komplektid \u2013 kaugest galaktikast sinu koju, LEGO Star Warsi ehituskomplektid t\u00e4iskasvanutele on loodud sinusugustele inimestele, kes armastavad l\u00f5\u00f5gastavaid ja loomingulisi tegevusi<br \/>\nEhita ja esitle \u2013 see 718-osaline LEGO\u00ae Star Wars\u2122 kokkupandav mudel on 12 cm k\u00f5rge, 30 cm lai ja 14 cm s\u00fcgav<\/p>\n","protected":false},"excerpt":{"rendered":"<ul>\n<li>Parts: 718<\/li>\n<li>Age: 18+<\/li>\n<\/ul>\n","protected":false},"featured_media":8706,"template":"","meta":[],"product_brand":[],"product_cat":[166],"product_tag":[171],"class_list":{"0":"post-12096","1":"product","2":"type-product","3":"status-publish","4":"has-post-thumbnail","6":"product_cat-star-wars-en","7":"product_tag-9-en","9":"first","10":"instock","11":"taxable","12":"shipping-taxable","13":"purchasable","14":"product-type-simple","15":"add-to-wishlist-after_add_to_cart"},"yoast_head":"<!-- This site is optimized with the Yoast SEO plugin v27.4 - https:\/\/yoast.com\/product\/yoast-seo-wordpress\/ -->\n<title>LEGO\u00ae Star Wars\u2122 75380 - Mos Espa Podrace\u2122 dioraam - Ehita oma maailm - klots klotsi haaval<\/title>\n<meta name=\"robots\" content=\"index, follow, max-snippet:-1, max-image-preview:large, max-video-preview:-1\" \/>\n<link rel=\"canonical\" href=\"https:\/\/playwell.ee\/toode\/mos-espa-podrace-dioraam\/\" \/>\n<meta property=\"og:locale\" content=\"en_US\" \/>\n<meta property=\"og:type\" content=\"article\" \/>\n<meta property=\"og:title\" content=\"LEGO\u00ae Star Wars\u2122 75380 - Mos Espa Podrace\u2122 dioraam - Ehita oma maailm - klots klotsi haaval\" \/>\n<meta property=\"og:description\" content=\"Parts: 718  Age: 18+\" \/>\n<meta property=\"og:url\" content=\"https:\/\/playwell.ee\/toode\/mos-espa-podrace-dioraam\/\" \/>\n<meta property=\"og:site_name\" content=\"Ehita oma maailm - klots klotsi haaval\" \/>\n<meta property=\"article:publisher\" content=\"https:\/\/www.facebook.com\/profile.php?id=100091128044867\" \/>\n<meta property=\"article:modified_time\" content=\"2025-01-25T18:24:33+00:00\" \/>\n<meta property=\"og:image\" content=\"https:\/\/playwell.ee\/wp-content\/uploads\/2024\/06\/LEGO_75380_2.jpeg\" \/>\n\t<meta property=\"og:image:width\" content=\"2251\" \/>\n\t<meta property=\"og:image:height\" content=\"1800\" \/>\n\t<meta property=\"og:image:type\" content=\"image\/jpeg\" \/>\n<meta name=\"twitter:card\" content=\"summary_large_image\" \/>\n<meta name=\"twitter:label1\" content=\"Est. reading time\" \/>\n\t<meta name=\"twitter:data1\" content=\"2 minutes\" \/>\n<script type=\"application\/ld+json\" class=\"yoast-schema-graph\">{\"@context\":\"https:\\\/\\\/schema.org\",\"@graph\":[{\"@type\":\"WebPage\",\"@id\":\"https:\\\/\\\/playwell.ee\\\/toode\\\/mos-espa-podrace-dioraam\\\/\",\"url\":\"https:\\\/\\\/playwell.ee\\\/toode\\\/mos-espa-podrace-dioraam\\\/\",\"name\":\"LEGO\u00ae Star Wars\u2122 75380 - Mos Espa Podrace\u2122 dioraam - Ehita oma maailm - klots klotsi haaval\",\"isPartOf\":{\"@id\":\"https:\\\/\\\/playwell.ee\\\/#website\"},\"primaryImageOfPage\":{\"@id\":\"https:\\\/\\\/playwell.ee\\\/toode\\\/mos-espa-podrace-dioraam\\\/#primaryimage\"},\"image\":{\"@id\":\"https:\\\/\\\/playwell.ee\\\/toode\\\/mos-espa-podrace-dioraam\\\/#primaryimage\"},\"thumbnailUrl\":\"https:\\\/\\\/playwell.ee\\\/wp-content\\\/uploads\\\/2024\\\/06\\\/LEGO_75380_2.jpeg\",\"datePublished\":\"2024-06-12T12:35:15+00:00\",\"dateModified\":\"2025-01-25T18:24:33+00:00\",\"breadcrumb\":{\"@id\":\"https:\\\/\\\/playwell.ee\\\/toode\\\/mos-espa-podrace-dioraam\\\/#breadcrumb\"},\"inLanguage\":\"en-US\",\"potentialAction\":[{\"@type\":\"ReadAction\",\"target\":[\"https:\\\/\\\/playwell.ee\\\/toode\\\/mos-espa-podrace-dioraam\\\/\"]}]},{\"@type\":\"ImageObject\",\"inLanguage\":\"en-US\",\"@id\":\"https:\\\/\\\/playwell.ee\\\/toode\\\/mos-espa-podrace-dioraam\\\/#primaryimage\",\"url\":\"https:\\\/\\\/playwell.ee\\\/wp-content\\\/uploads\\\/2024\\\/06\\\/LEGO_75380_2.jpeg\",\"contentUrl\":\"https:\\\/\\\/playwell.ee\\\/wp-content\\\/uploads\\\/2024\\\/06\\\/LEGO_75380_2.jpeg\",\"width\":2251,\"height\":1800,\"caption\":\"Mos Espa Podrace\u2122 dioraam 75380\"},{\"@type\":\"BreadcrumbList\",\"@id\":\"https:\\\/\\\/playwell.ee\\\/toode\\\/mos-espa-podrace-dioraam\\\/#breadcrumb\",\"itemListElement\":[{\"@type\":\"ListItem\",\"position\":1,\"name\":\"Home\",\"item\":\"https:\\\/\\\/playwell.ee\\\/en\\\/\"},{\"@type\":\"ListItem\",\"position\":2,\"name\":\"All LEGO Products\",\"item\":\"https:\\\/\\\/playwell.ee\\\/en\\\/all-products\\\/\"},{\"@type\":\"ListItem\",\"position\":3,\"name\":\"LEGO\u00ae Star Wars\u2122 75380 &#8211; Mos Espa Podrace\u2122 dioraam\"}]},{\"@type\":\"WebSite\",\"@id\":\"https:\\\/\\\/playwell.ee\\\/#website\",\"url\":\"https:\\\/\\\/playwell.ee\\\/\",\"name\":\"Ehita oma maailm - klots klotsi haaval\",\"description\":\"Playwell | LEGO pood Eestis\",\"publisher\":{\"@id\":\"https:\\\/\\\/playwell.ee\\\/#organization\"},\"potentialAction\":[{\"@type\":\"SearchAction\",\"target\":{\"@type\":\"EntryPoint\",\"urlTemplate\":\"https:\\\/\\\/playwell.ee\\\/?s={search_term_string}\"},\"query-input\":{\"@type\":\"PropertyValueSpecification\",\"valueRequired\":true,\"valueName\":\"search_term_string\"}}],\"inLanguage\":\"en-US\"},{\"@type\":\"Organization\",\"@id\":\"https:\\\/\\\/playwell.ee\\\/#organization\",\"name\":\"Playwell.ee\",\"url\":\"https:\\\/\\\/playwell.ee\\\/\",\"logo\":{\"@type\":\"ImageObject\",\"inLanguage\":\"en-US\",\"@id\":\"https:\\\/\\\/playwell.ee\\\/#\\\/schema\\\/logo\\\/image\\\/\",\"url\":\"https:\\\/\\\/playwell.ee\\\/wp-content\\\/uploads\\\/2024\\\/06\\\/Logo-01-1.png\",\"contentUrl\":\"https:\\\/\\\/playwell.ee\\\/wp-content\\\/uploads\\\/2024\\\/06\\\/Logo-01-1.png\",\"width\":2980,\"height\":1009,\"caption\":\"Playwell.ee\"},\"image\":{\"@id\":\"https:\\\/\\\/playwell.ee\\\/#\\\/schema\\\/logo\\\/image\\\/\"},\"sameAs\":[\"https:\\\/\\\/www.facebook.com\\\/profile.php?id=100091128044867\"]}]}<\/script>\n<!-- \/ Yoast SEO plugin. -->","yoast_head_json":{"title":"LEGO\u00ae Star Wars\u2122 75380 - Mos Espa Podrace\u2122 dioraam - Ehita oma maailm - klots klotsi haaval","robots":{"index":"index","follow":"follow","max-snippet":"max-snippet:-1","max-image-preview":"max-image-preview:large","max-video-preview":"max-video-preview:-1"},"canonical":"https:\/\/playwell.ee\/toode\/mos-espa-podrace-dioraam\/","og_locale":"en_US","og_type":"article","og_title":"LEGO\u00ae Star Wars\u2122 75380 - Mos Espa Podrace\u2122 dioraam - Ehita oma maailm - klots klotsi haaval","og_description":"Parts: 718  Age: 18+","og_url":"https:\/\/playwell.ee\/toode\/mos-espa-podrace-dioraam\/","og_site_name":"Ehita oma maailm - klots klotsi haaval","article_publisher":"https:\/\/www.facebook.com\/profile.php?id=100091128044867","article_modified_time":"2025-01-25T18:24:33+00:00","og_image":[{"width":2251,"height":1800,"url":"https:\/\/playwell.ee\/wp-content\/uploads\/2024\/06\/LEGO_75380_2.jpeg","type":"image\/jpeg"}],"twitter_card":"summary_large_image","twitter_misc":{"Est. reading time":"2 minutes"},"schema":{"@context":"https:\/\/schema.org","@graph":[{"@type":"WebPage","@id":"https:\/\/playwell.ee\/toode\/mos-espa-podrace-dioraam\/","url":"https:\/\/playwell.ee\/toode\/mos-espa-podrace-dioraam\/","name":"LEGO\u00ae Star Wars\u2122 75380 - Mos Espa Podrace\u2122 dioraam - Ehita oma maailm - klots klotsi haaval","isPartOf":{"@id":"https:\/\/playwell.ee\/#website"},"primaryImageOfPage":{"@id":"https:\/\/playwell.ee\/toode\/mos-espa-podrace-dioraam\/#primaryimage"},"image":{"@id":"https:\/\/playwell.ee\/toode\/mos-espa-podrace-dioraam\/#primaryimage"},"thumbnailUrl":"https:\/\/playwell.ee\/wp-content\/uploads\/2024\/06\/LEGO_75380_2.jpeg","datePublished":"2024-06-12T12:35:15+00:00","dateModified":"2025-01-25T18:24:33+00:00","breadcrumb":{"@id":"https:\/\/playwell.ee\/toode\/mos-espa-podrace-dioraam\/#breadcrumb"},"inLanguage":"en-US","potentialAction":[{"@type":"ReadAction","target":["https:\/\/playwell.ee\/toode\/mos-espa-podrace-dioraam\/"]}]},{"@type":"ImageObject","inLanguage":"en-US","@id":"https:\/\/playwell.ee\/toode\/mos-espa-podrace-dioraam\/#primaryimage","url":"https:\/\/playwell.ee\/wp-content\/uploads\/2024\/06\/LEGO_75380_2.jpeg","contentUrl":"https:\/\/playwell.ee\/wp-content\/uploads\/2024\/06\/LEGO_75380_2.jpeg","width":2251,"height":1800,"caption":"Mos Espa Podrace\u2122 dioraam 75380"},{"@type":"BreadcrumbList","@id":"https:\/\/playwell.ee\/toode\/mos-espa-podrace-dioraam\/#breadcrumb","itemListElement":[{"@type":"ListItem","position":1,"name":"Home","item":"https:\/\/playwell.ee\/en\/"},{"@type":"ListItem","position":2,"name":"All LEGO Products","item":"https:\/\/playwell.ee\/en\/all-products\/"},{"@type":"ListItem","position":3,"name":"LEGO\u00ae Star Wars\u2122 75380 &#8211; Mos Espa Podrace\u2122 dioraam"}]},{"@type":"WebSite","@id":"https:\/\/playwell.ee\/#website","url":"https:\/\/playwell.ee\/","name":"Ehita oma maailm - klots klotsi haaval","description":"Playwell | LEGO pood Eestis","publisher":{"@id":"https:\/\/playwell.ee\/#organization"},"potentialAction":[{"@type":"SearchAction","target":{"@type":"EntryPoint","urlTemplate":"https:\/\/playwell.ee\/?s={search_term_string}"},"query-input":{"@type":"PropertyValueSpecification","valueRequired":true,"valueName":"search_term_string"}}],"inLanguage":"en-US"},{"@type":"Organization","@id":"https:\/\/playwell.ee\/#organization","name":"Playwell.ee","url":"https:\/\/playwell.ee\/","logo":{"@type":"ImageObject","inLanguage":"en-US","@id":"https:\/\/playwell.ee\/#\/schema\/logo\/image\/","url":"https:\/\/playwell.ee\/wp-content\/uploads\/2024\/06\/Logo-01-1.png","contentUrl":"https:\/\/playwell.ee\/wp-content\/uploads\/2024\/06\/Logo-01-1.png","width":2980,"height":1009,"caption":"Playwell.ee"},"image":{"@id":"https:\/\/playwell.ee\/#\/schema\/logo\/image\/"},"sameAs":["https:\/\/www.facebook.com\/profile.php?id=100091128044867"]}]}},"_links":{"self":[{"href":"https:\/\/playwell.ee\/en\/wp-json\/wp\/v2\/product\/12096","targetHints":{"allow":["GET"]}}],"collection":[{"href":"https:\/\/playwell.ee\/en\/wp-json\/wp\/v2\/product"}],"about":[{"href":"https:\/\/playwell.ee\/en\/wp-json\/wp\/v2\/types\/product"}],"wp:featuredmedia":[{"embeddable":true,"href":"https:\/\/playwell.ee\/en\/wp-json\/wp\/v2\/media\/8706"}],"wp:attachment":[{"href":"https:\/\/playwell.ee\/en\/wp-json\/wp\/v2\/media?parent=12096"}],"wp:term":[{"taxonomy":"product_brand","embeddable":true,"href":"https:\/\/playwell.ee\/en\/wp-json\/wp\/v2\/product_brand?post=12096"},{"taxonomy":"product_cat","embeddable":true,"href":"https:\/\/playwell.ee\/en\/wp-json\/wp\/v2\/product_cat?post=12096"},{"taxonomy":"product_tag","embeddable":true,"href":"https:\/\/playwell.ee\/en\/wp-json\/wp\/v2\/product_tag?post=12096"}],"curies":[{"name":"wp","href":"https:\/\/api.w.org\/{rel}","templated":true}]}}